{"id":8627,"date":"2017-11-22T20:22:43","date_gmt":"2017-11-22T18:22:43","guid":{"rendered":"http:\/\/limpiezas-sayago.com\/the-company\/quality-policy\/"},"modified":"2020-05-18T08:53:22","modified_gmt":"2020-05-18T06:53:22","slug":"quality-policy","status":"publish","type":"page","link":"https:\/\/limpiezas-sayago.com\/en\/the-company\/quality-policy\/","title":{"rendered":"Quality Policy"},"content":{"rendered":"<p>[et_pb_section fb_built=&#8221;1&#8243; admin_label=&#8221;section&#8221; _builder_version=&#8221;3.0.47&#8243; background_image=&#8221;http:\/\/limpiezas-sayago.com\/wp-content\/uploads\/2017\/05\/water_bg7.jpg&#8221;][et_pb_row custom_padding=&#8221;0px|0px|21px|0px&#8221; admin_label=&#8221;row&#8221; _builder_version=&#8221;3.0.47&#8243; background_size=&#8221;initial&#8221; background_position=&#8221;top_left&#8221; background_repeat=&#8221;repeat&#8221;][et_pb_column type=&#8221;4_4&#8243; _builder_version=&#8221;3.0.47&#8243; parallax=&#8221;off&#8221; parallax_method=&#8221;on&#8221;][et_pb_text _builder_version=&#8221;3.0.47&#8243; background_size=&#8221;initial&#8221; background_position=&#8221;top_left&#8221; background_repeat=&#8221;repeat&#8221;]<\/p>\n<h1 style=\"text-align: center;\"><strong>Presentation and Limpieza Sayago&#8217;s<\/strong><\/h1>\n<h1 style=\"text-align: center;\"><strong>Quality and Environmental Policy\u00a0<\/strong><\/h1>\n<p style=\"text-align: center;\"><em>Limpiezas Sayago &#8211; Palma de Mallorca<\/em><\/p>\n<p>[\/et_pb_text][\/et_pb_column][\/et_pb_row][et_pb_row custom_padding=&#8221;0px|0px|15px|0px&#8221; admin_label=&#8221;row&#8221; _builder_version=&#8221;3.0.47&#8243; background_size=&#8221;initial&#8221; background_position=&#8221;top_left&#8221; background_repeat=&#8221;repeat&#8221;][et_pb_column type=&#8221;4_4&#8243; _builder_version=&#8221;3.0.47&#8243; parallax=&#8221;off&#8221; parallax_method=&#8221;on&#8221;][et_pb_image src=&#8221;https:\/\/limpiezas-sayago.com\/wp-content\/uploads\/2019\/05\/LOGO-EMPRESA.png&#8221; alt=&#8221;Presentaci\u00f3n y Pol\u00f1itica de Calidad Medioambiente de Limpiezas Sayago&#8221; title_text=&#8221;Presentaci\u00f3n y Pol\u00f1itica de Calidad Medioambiente de Limpiezas Sayago&#8221; align=&#8221;center&#8221; disabled_on=&#8221;off|off|off&#8221; _builder_version=&#8221;3.0.101&#8243; animation_style=&#8221;slide&#8221; animation_direction=&#8221;left&#8221; animation_duration=&#8221;500ms&#8221; animation_intensity_slide=&#8221;10%&#8221;][\/et_pb_image][et_pb_image src=&#8221;https:\/\/limpiezas-sayago.com\/wp-content\/uploads\/2019\/05\/limpiezas-sayago-certificaciones2-de-calidad-y-huella.jpg&#8221; align=&#8221;center&#8221; disabled_on=&#8221;off|off|off&#8221; _builder_version=&#8221;3.0.101&#8243; animation_style=&#8221;slide&#8221; animation_direction=&#8221;left&#8221; animation_duration=&#8221;500ms&#8221; animation_intensity_slide=&#8221;10%&#8221;][\/et_pb_image][et_pb_button button_url=&#8221;http:\/\/limpiezas-sayago.com\/wp-content\/uploads\/2017\/07\/MANUAL-CLIENTES-1.ppt&#8221; button_text=&#8221;Download Client Manual &#8221; button_alignment=&#8221;center&#8221; _builder_version=&#8221;3.0.63&#8243; custom_button=&#8221;on&#8221; button_text_size=&#8221;16&#8243; button_text_color=&#8221;#ffffff&#8221; button_bg_color=&#8221;#004d7d&#8221; button_border_width=&#8221;0px&#8221; button_border_radius=&#8221;21px&#8221; button_letter_spacing_hover=&#8221;1&#8243;][\/et_pb_button][et_pb_button button_url=&#8221;http:\/\/limpiezas-sayago.com\/contacto\/&#8221; button_text=&#8221;Contact us&#8221; button_alignment=&#8221;center&#8221; _builder_version=&#8221;3.0.47&#8243; custom_button=&#8221;on&#8221; button_text_size=&#8221;16&#8243; button_text_color=&#8221;#ffffff&#8221; button_bg_color=&#8221;#004d7d&#8221; button_border_width=&#8221;0px&#8221; button_border_radius=&#8221;21px&#8221; button_letter_spacing_hover=&#8221;1&#8243;][\/et_pb_button][et_pb_image _builder_version=&#8221;3.0.63&#8243; animation_style=&#8221;slide&#8221; animation_direction=&#8221;left&#8221; animation_duration=&#8221;500ms&#8221; animation_intensity_slide=&#8221;10%&#8221;][\/et_pb_image][et_pb_gallery gallery_ids=&#8221;7667,7668,7669,7670,7671,7672,7673,7674,7675,7676,7677&#8243; fullwidth=&#8221;on&#8221; background_layout=&#8221;dark&#8221; _builder_version=&#8221;3.0.63&#8243; title_text_color=&#8221;#0c0c0c&#8221; border_width_all=&#8221;3px&#8221; border_color_all=&#8221;#dddddd&#8221; border_style_all=&#8221;solid&#8221; auto=&#8221;on&#8221; auto_speed=&#8221;4000&#8243; use_border_color=&#8221;on&#8221; border_color=&#8221;#dddddd&#8221; border_width=&#8221;3px&#8221;][\/et_pb_gallery][\/et_pb_column][\/et_pb_row][et_pb_row custom_padding=&#8221;0px|0px|27px|0px&#8221; _builder_version=&#8221;3.0.47&#8243; background_size=&#8221;initial&#8221; background_position=&#8221;top_left&#8221; background_repeat=&#8221;repeat&#8221;][et_pb_column type=&#8221;4_4&#8243; _builder_version=&#8221;3.0.47&#8243; parallax=&#8221;off&#8221; parallax_method=&#8221;on&#8221;][et_pb_post_nav in_same_term=&#8221;off&#8221; _builder_version=&#8221;3.0.47&#8243;][\/et_pb_post_nav][et_pb_image src=&#8221;https:\/\/limpiezas-sayago.com\/wp-content\/uploads\/2019\/05\/limpiezas-sayago-certificaciones2-de-calidad-y-huella.jpg&#8221; url=&#8221;http:\/\/limpiezas-sayago.com\/nuestra-empresa\/certificaciones\/&#8221; align=&#8221;center&#8221; _builder_version=&#8221;3.0.101&#8243; animation_style=&#8221;slide&#8221; animation_direction=&#8221;bottom&#8221; animation_duration=&#8221;500ms&#8221; animation_intensity_slide=&#8221;10%&#8221; animation=&#8221;bottom&#8221;][\/et_pb_image][\/et_pb_column][\/et_pb_row][\/et_pb_section]<\/p>\n","protected":false},"excerpt":{"rendered":"<p>Presentation and Limpieza Sayago&#8217;s Quality and Environmental Policy\u00a0 Limpiezas Sayago &#8211; Palma de Mallorca<\/p>\n","protected":false},"author":1,"featured_media":0,"parent":8586,"menu_order":3,"comment_status":"closed","ping_status":"closed","template":"","meta":{"_et_pb_use_builder":"on","_et_pb_old_content":"","_et_gb_content_width":"","_joinchat":[],"footnotes":""},"class_list":["post-8627","page","type-page","status-publish","hentry"],"_links":{"self":[{"href":"https:\/\/limpiezas-sayago.com\/en\/wp-json\/wp\/v2\/pages\/8627","targetHints":{"allow":["GET"]}}],"collection":[{"href":"https:\/\/limpiezas-sayago.com\/en\/wp-json\/wp\/v2\/pages"}],"about":[{"href":"https:\/\/limpiezas-sayago.com\/en\/wp-json\/wp\/v2\/types\/page"}],"author":[{"embeddable":true,"href":"https:\/\/limpiezas-sayago.com\/en\/wp-json\/wp\/v2\/users\/1"}],"replies":[{"embeddable":true,"href":"https:\/\/limpiezas-sayago.com\/en\/wp-json\/wp\/v2\/comments?post=8627"}],"version-history":[{"count":0,"href":"https:\/\/limpiezas-sayago.com\/en\/wp-json\/wp\/v2\/pages\/8627\/revisions"}],"up":[{"embeddable":true,"href":"https:\/\/limpiezas-sayago.com\/en\/wp-json\/wp\/v2\/pages\/8586"}],"wp:attachment":[{"href":"https:\/\/limpiezas-sayago.com\/en\/wp-json\/wp\/v2\/media?parent=8627"}],"curies":[{"name":"wp","href":"https:\/\/api.w.org\/{rel}","templated":true}]}}